{"id":734,"date":"2023-06-09T07:43:10","date_gmt":"2023-06-09T06:43:10","guid":{"rendered":"https:\/\/tallerdempreses.com\/contacte\/"},"modified":"2024-05-22T07:40:41","modified_gmt":"2024-05-22T06:40:41","slug":"contacte","status":"publish","type":"page","link":"https:\/\/tallerdempreses.com\/ca\/contacte\/","title":{"rendered":"Contacte"},"content":{"rendered":"<p>[et_pb_section fb_built=&#8221;1&#8243; custom_padding_last_edited=&#8221;on|tablet&#8221; _builder_version=&#8221;4.21.0&#8243; _module_preset=&#8221;default&#8221; background_color=&#8221;#1D7D78&#8243; custom_padding=&#8221;155px||143px|||&#8221; custom_padding_tablet=&#8221;8px||8px||true|false&#8221; custom_padding_phone=&#8221;8px||8px||true|false&#8221; global_colors_info=&#8221;{}&#8221;][et_pb_row column_structure=&#8221;1_2,1_2&#8243; _builder_version=&#8221;4.21.0&#8243; _module_preset=&#8221;default&#8221; width_tablet=&#8221;&#8221; width_phone=&#8221;90%&#8221; width_last_edited=&#8221;on|phone&#8221; custom_padding=&#8221;5px||23px|||&#8221; global_colors_info=&#8221;{}&#8221;][et_pb_column type=&#8221;1_2&#8243; _builder_version=&#8221;4.21.0&#8243; _module_preset=&#8221;default&#8221; global_colors_info=&#8221;{}&#8221;][et_pb_text _builder_version=&#8221;4.21.0&#8243; _module_preset=&#8221;default&#8221; text_text_color=&#8221;#FFFFFF&#8221; text_font_size=&#8221;54px&#8221; text_line_height=&#8221;1em&#8221; min_height=&#8221;41.8px&#8221; custom_margin=&#8221;51px||42px||false|&#8221; custom_margin_tablet=&#8221;51px||42px||false|&#8221; custom_margin_phone=&#8221;28px||23px||false|false&#8221; custom_margin_last_edited=&#8221;on|phone&#8221; text_font_size_tablet=&#8221;36px&#8221; text_font_size_phone=&#8221;24px&#8221; text_font_size_last_edited=&#8221;off|tablet&#8221; global_colors_info=&#8221;{}&#8221;]<\/p>\n<p>Si tens dubtes, deixa&#8217;ns les teves dades i et trucarem el m\u00e9s aviat possible.<\/p>\n<p>[\/et_pb_text][et_pb_text _builder_version=&#8221;4.21.0&#8243; _module_preset=&#8221;default&#8221; text_font=&#8221;|300|||||||&#8221; text_text_color=&#8221;#FFFFFF&#8221; text_font_size=&#8221;36px&#8221; text_line_height=&#8221;1.3em&#8221; custom_margin=&#8221;||49px|||&#8221; custom_margin_tablet=&#8221;||20px||false|false&#8221; custom_margin_phone=&#8221;||20px||false|false&#8221; custom_margin_last_edited=&#8221;on|tablet&#8221; text_font_size_tablet=&#8221;24px&#8221; text_font_size_phone=&#8221;16px&#8221; text_font_size_last_edited=&#8221;off|tablet&#8221; global_colors_info=&#8221;{}&#8221;]<\/p>\n<p>Intenta indicar-nos de la manera m\u00e9s detallada possible els teus interessos, per poder oferir-te un assessorament \u00f2ptim.<\/p>\n<p>[\/et_pb_text][\/et_pb_column][et_pb_column type=&#8221;1_2&#8243; _builder_version=&#8221;4.21.0&#8243; _module_preset=&#8221;default&#8221; global_colors_info=&#8221;{}&#8221;][et_pb_contact_form use_spam_service=&#8221;on&#8221; email=&#8221;info@tallerdempreses.com,gestionportoles@gmail.com,atarres@ivanportoles.com&#8221; custom_message=&#8221;Formulari de la p\u00e0gina Principal:||et_pb_line_break_holder||||et_pb_line_break_holder||Nom: %%name%% ||et_pb_line_break_holder||Correu electr\u00f2nic: %%email%% ||et_pb_line_break_holder|| et_pb_line_break_holder||Nom de la companyia: %%company%% ||et_pb_line_break_holder||Missatge: %%Message%% &#8221; success_message=&#8221;El vostre missatge ha estat enviat amb \u00e8xit.&#8221; submit_button_text=&#8221;Enviar&#8221; _builder_version=&#8221;4.21.0&#8243; _module_preset=&#8221;default&#8221; _unique_id=&#8221;ba3fa4dd-8a74-4ad4-8bf5-5b83281ea4da&#8221; form_field_background_color=&#8221;#FFFFFF&#8221; form_field_text_color=&#8221;#7a7a7a&#8221; form_field_font=&#8221;|300|||||||&#8221; form_field_font_size=&#8221;24px&#8221; custom_button=&#8221;on&#8221; button_text_color=&#8221;#1D7D78&#8243; button_font=&#8221;|700|||||||&#8221; button_use_icon=&#8221;off&#8221; transform_translate_linked=&#8221;off&#8221; text_orientation=&#8221;left&#8221; border_width_all=&#8221;1px&#8221; border_color_all=&#8221;#1D7D78&#8243; locked=&#8221;off&#8221; global_colors_info=&#8221;{}&#8221; button_text_color__hover=&#8221;#FFFFFF&#8221; button_text_color__hover_enabled=&#8221;on|desktop&#8221; button_bg_color__hover=&#8221;#1D7D78&#8243; button_bg_color__hover_enabled=&#8221;on|hover&#8221;][et_pb_contact_field field_id=&#8221;Name&#8221; field_title=&#8221;Nom Complet&#8221; fullwidth_field=&#8221;on&#8221; _builder_version=&#8221;4.21.0&#8243; global_colors_info=&#8221;{}&#8221; button_text_size__hover_enabled=&#8221;off&#8221; button_one_text_size__hover_enabled=&#8221;off&#8221; button_two_text_size__hover_enabled=&#8221;off&#8221; button_text_color__hover_enabled=&#8221;off&#8221; button_one_text_color__hover_enabled=&#8221;off&#8221; button_two_text_color__hover_enabled=&#8221;off&#8221; button_border_width__hover_enabled=&#8221;off&#8221; button_one_border_width__hover_enabled=&#8221;off&#8221; button_two_border_width__hover_enabled=&#8221;off&#8221; button_border_color__hover_enabled=&#8221;off&#8221; button_one_border_color__hover_enabled=&#8221;off&#8221; button_two_border_color__hover_enabled=&#8221;off&#8221; button_border_radius__hover_enabled=&#8221;off&#8221; button_one_border_radius__hover_enabled=&#8221;off&#8221; button_two_border_radius__hover_enabled=&#8221;off&#8221; button_letter_spacing__hover_enabled=&#8221;off&#8221; button_one_letter_spacing__hover_enabled=&#8221;off&#8221; button_two_letter_spacing__hover_enabled=&#8221;off&#8221; button_bg_color__hover_enabled=&#8221;off&#8221; button_one_bg_color__hover_enabled=&#8221;off&#8221; button_two_bg_color__hover_enabled=&#8221;off&#8221;][\/et_pb_contact_field][et_pb_contact_field field_id=&#8221;Email&#8221; field_title=&#8221;Email de contacte&#8221; field_type=&#8221;email&#8221; fullwidth_field=&#8221;on&#8221; _builder_version=&#8221;4.21.0&#8243; global_colors_info=&#8221;{}&#8221; button_text_size__hover_enabled=&#8221;off&#8221; button_one_text_size__hover_enabled=&#8221;off&#8221; button_two_text_size__hover_enabled=&#8221;off&#8221; button_text_color__hover_enabled=&#8221;off&#8221; button_one_text_color__hover_enabled=&#8221;off&#8221; button_two_text_color__hover_enabled=&#8221;off&#8221; button_border_width__hover_enabled=&#8221;off&#8221; button_one_border_width__hover_enabled=&#8221;off&#8221; button_two_border_width__hover_enabled=&#8221;off&#8221; button_border_color__hover_enabled=&#8221;off&#8221; button_one_border_color__hover_enabled=&#8221;off&#8221; button_two_border_color__hover_enabled=&#8221;off&#8221; button_border_radius__hover_enabled=&#8221;off&#8221; button_one_border_radius__hover_enabled=&#8221;off&#8221; button_two_border_radius__hover_enabled=&#8221;off&#8221; button_letter_spacing__hover_enabled=&#8221;off&#8221; button_one_letter_spacing__hover_enabled=&#8221;off&#8221; button_two_letter_spacing__hover_enabled=&#8221;off&#8221; button_bg_color__hover_enabled=&#8221;off&#8221; button_one_bg_color__hover_enabled=&#8221;off&#8221; button_two_bg_color__hover_enabled=&#8221;off&#8221;][\/et_pb_contact_field][et_pb_contact_field field_id=&#8221;phone&#8221; field_title=&#8221;Tel\u00e8fon de contacte&#8221; allowed_symbols=&#8221;numbers&#8221; fullwidth_field=&#8221;on&#8221; _builder_version=&#8221;4.21.0&#8243; global_colors_info=&#8221;{}&#8221; button_text_size__hover_enabled=&#8221;off&#8221; button_one_text_size__hover_enabled=&#8221;off&#8221; button_two_text_size__hover_enabled=&#8221;off&#8221; button_text_color__hover_enabled=&#8221;off&#8221; button_one_text_color__hover_enabled=&#8221;off&#8221; button_two_text_color__hover_enabled=&#8221;off&#8221; button_border_width__hover_enabled=&#8221;off&#8221; button_one_border_width__hover_enabled=&#8221;off&#8221; button_two_border_width__hover_enabled=&#8221;off&#8221; button_border_color__hover_enabled=&#8221;off&#8221; button_one_border_color__hover_enabled=&#8221;off&#8221; button_two_border_color__hover_enabled=&#8221;off&#8221; button_border_radius__hover_enabled=&#8221;off&#8221; button_one_border_radius__hover_enabled=&#8221;off&#8221; button_two_border_radius__hover_enabled=&#8221;off&#8221; button_letter_spacing__hover_enabled=&#8221;off&#8221; button_one_letter_spacing__hover_enabled=&#8221;off&#8221; button_two_letter_spacing__hover_enabled=&#8221;off&#8221; button_bg_color__hover_enabled=&#8221;off&#8221; button_one_bg_color__hover_enabled=&#8221;off&#8221; button_two_bg_color__hover_enabled=&#8221;off&#8221;][\/et_pb_contact_field][et_pb_contact_field field_id=&#8221;company&#8221; field_title=&#8221;Nom de la teva empresa&#8221; fullwidth_field=&#8221;on&#8221; _builder_version=&#8221;4.21.0&#8243; global_colors_info=&#8221;{}&#8221; button_text_size__hover_enabled=&#8221;off&#8221; button_one_text_size__hover_enabled=&#8221;off&#8221; button_two_text_size__hover_enabled=&#8221;off&#8221; button_text_color__hover_enabled=&#8221;off&#8221; button_one_text_color__hover_enabled=&#8221;off&#8221; button_two_text_color__hover_enabled=&#8221;off&#8221; button_border_width__hover_enabled=&#8221;off&#8221; button_one_border_width__hover_enabled=&#8221;off&#8221; button_two_border_width__hover_enabled=&#8221;off&#8221; button_border_color__hover_enabled=&#8221;off&#8221; button_one_border_color__hover_enabled=&#8221;off&#8221; button_two_border_color__hover_enabled=&#8221;off&#8221; button_border_radius__hover_enabled=&#8221;off&#8221; button_one_border_radius__hover_enabled=&#8221;off&#8221; button_two_border_radius__hover_enabled=&#8221;off&#8221; button_letter_spacing__hover_enabled=&#8221;off&#8221; button_one_letter_spacing__hover_enabled=&#8221;off&#8221; button_two_letter_spacing__hover_enabled=&#8221;off&#8221; button_bg_color__hover_enabled=&#8221;off&#8221; button_one_bg_color__hover_enabled=&#8221;off&#8221; button_two_bg_color__hover_enabled=&#8221;off&#8221;][\/et_pb_contact_field][et_pb_contact_field field_id=&#8221;Message&#8221; field_title=&#8221;Explica&apos;ns m\u00e9s: &#8221; field_type=&#8221;text&#8221; fullwidth_field=&#8221;on&#8221; _builder_version=&#8221;4.21.0&#8243; global_colors_info=&#8221;{}&#8221; button_text_size__hover_enabled=&#8221;off&#8221; button_one_text_size__hover_enabled=&#8221;off&#8221; button_two_text_size__hover_enabled=&#8221;off&#8221; button_text_color__hover_enabled=&#8221;off&#8221; button_one_text_color__hover_enabled=&#8221;off&#8221; button_two_text_color__hover_enabled=&#8221;off&#8221; button_border_width__hover_enabled=&#8221;off&#8221; button_one_border_width__hover_enabled=&#8221;off&#8221; button_two_border_width__hover_enabled=&#8221;off&#8221; button_border_color__hover_enabled=&#8221;off&#8221; button_one_border_color__hover_enabled=&#8221;off&#8221; button_two_border_color__hover_enabled=&#8221;off&#8221; button_border_radius__hover_enabled=&#8221;off&#8221; button_one_border_radius__hover_enabled=&#8221;off&#8221; button_two_border_radius__hover_enabled=&#8221;off&#8221; button_letter_spacing__hover_enabled=&#8221;off&#8221; button_one_letter_spacing__hover_enabled=&#8221;off&#8221; button_two_letter_spacing__hover_enabled=&#8221;off&#8221; button_bg_color__hover_enabled=&#8221;off&#8221; button_one_bg_color__hover_enabled=&#8221;off&#8221; button_two_bg_color__hover_enabled=&#8221;off&#8221;][\/et_pb_contact_field][et_pb_contact_field field_id=&#8221;Policy&#8221; field_title=&#8221; &#8221; field_type=&#8221;checkbox&#8221; checkbox_options=&#8221;%91{%22value%22:%22Accepto la %22,%22checked%22:0,%22dragID%22:-1,%22link_url%22:%22\\\/politica-de-privacidad\\\/%22,%22link_text%22:%22Pol\u00edtica de Privadesa%22}%93&#8243; fullwidth_field=&#8221;on&#8221; _builder_version=&#8221;4.21.0&#8243; _module_preset=&#8221;default&#8221; form_field_background_color=&#8221;#1D7D78&#8243; form_field_text_color=&#8221;#FFFFFF&#8221; form_field_focus_background_color=&#8221;#FFFFFF&#8221; form_field_font_size=&#8221;16px&#8221; border_color_all=&#8221;#FFFFFF&#8221; global_colors_info=&#8221;{}&#8221;][\/et_pb_contact_field][\/et_pb_contact_form][\/et_pb_column][\/et_pb_row][\/et_pb_section][et_pb_section fb_built=&#8221;1&#8243; _builder_version=&#8221;4.21.0&#8243; _module_preset=&#8221;default&#8221; background_enable_color=&#8221;off&#8221; background_image=&#8221;http:\/\/tallerdempreses.com\/wp-content\/uploads\/IMG_20190404_170717.jpg&#8221; background_size=&#8221;initial&#8221; background_position=&#8221;center_right&#8221; background_blend=&#8221;multiply&#8221; background_last_edited=&#8221;on|tablet&#8221; background_enable_image_tablet=&#8221;off&#8221; global_colors_info=&#8221;{}&#8221;][et_pb_row column_structure=&#8221;1_4,1_4,1_2&#8243; use_custom_gutter=&#8221;on&#8221; gutter_width=&#8221;2&#8243; _builder_version=&#8221;4.21.0&#8243; _module_preset=&#8221;default&#8221; width_tablet=&#8221;90%&#8221; width_phone=&#8221;90%&#8221; width_last_edited=&#8221;on|desktop&#8221; module_alignment=&#8221;center&#8221; global_colors_info=&#8221;{}&#8221;][et_pb_column type=&#8221;1_4&#8243; _builder_version=&#8221;4.21.0&#8243; _module_preset=&#8221;default&#8221; global_colors_info=&#8221;{}&#8221;][et_pb_text _builder_version=&#8221;4.24.3&#8243; _module_preset=&#8221;default&#8221; text_text_color=&#8221;#7a7a7a&#8221; text_font_size=&#8221;24px&#8221; width=&#8221;100%&#8221; width_tablet=&#8221;68%&#8221; width_phone=&#8221;68%&#8221; width_last_edited=&#8221;off|tablet&#8221; max_width_last_edited=&#8221;off|tablet&#8221; custom_margin=&#8221;||||false|false&#8221; custom_padding=&#8221;|0px||5px||&#8221; hover_enabled=&#8221;0&#8243; text_font_size_tablet=&#8221;12px&#8221; text_font_size_phone=&#8221;12px&#8221; text_font_size_last_edited=&#8221;off|tablet&#8221; text_line_height_tablet=&#8221;1.1em&#8221; text_line_height_phone=&#8221;1.1em&#8221; text_line_height_last_edited=&#8221;on|tablet&#8221; locked=&#8221;off&#8221; global_colors_info=&#8221;{}&#8221; sticky_enabled=&#8221;0&#8243;]<\/p>\n<p>C\/ Xaloc, 3 1\u00ba 2\u00aa<br \/>08917 Badalona (Barcelona)<\/p>\n<p>Tel: +34 934 650 744<\/p>\n<p>WhatsApp: <br \/>+34 602 253 254<\/p>\n<p>E-mail: info@tallerdempreses.com<\/p>\n<p>[\/et_pb_text][\/et_pb_column][et_pb_column type=&#8221;1_4&#8243; _builder_version=&#8221;4.21.0&#8243; _module_preset=&#8221;default&#8221; global_colors_info=&#8221;{}&#8221;][et_pb_text _builder_version=&#8221;4.21.0&#8243; _module_preset=&#8221;default&#8221; text_text_color=&#8221;#7a7a7a&#8221; text_font_size=&#8221;54px&#8221; text_line_height=&#8221;1em&#8221; width=&#8221;100%&#8221; width_tablet=&#8221;187%&#8221; width_phone=&#8221;249.4%&#8221; width_last_edited=&#8221;off|tablet&#8221; max_width=&#8221;100%&#8221; max_width_tablet=&#8221;215%&#8221; max_width_phone=&#8221;100%&#8221; max_width_last_edited=&#8221;off|tablet&#8221; module_alignment=&#8221;center&#8221; custom_margin=&#8221;|||-63px||&#8221; custom_margin_tablet=&#8221;|0px||-19px|false|false&#8221; custom_margin_phone=&#8221;0px|||-113px|false|false&#8221; custom_margin_last_edited=&#8221;on|tablet&#8221; custom_padding=&#8221;|12px||0px|false|false&#8221; custom_padding_tablet=&#8221;|0px||0px|false|false&#8221; custom_padding_phone=&#8221;|0px||0px|false|false&#8221; custom_padding_last_edited=&#8221;on|tablet&#8221; text_font_size_tablet=&#8221;36px&#8221; text_font_size_phone=&#8221;20px&#8221; text_font_size_last_edited=&#8221;off|tablet&#8221; module_alignment_tablet=&#8221;left&#8221; module_alignment_phone=&#8221;right&#8221; module_alignment_last_edited=&#8221;off|phone&#8221; locked=&#8221;off&#8221; global_colors_info=&#8221;{}&#8221;]<\/p>\n<p>Truca&#8217;ns o visita&#8217;ns a les nostres oficines a Badalona<\/p>\n<p>[\/et_pb_text][\/et_pb_column][et_pb_column type=&#8221;1_2&#8243; _builder_version=&#8221;4.21.0&#8243; _module_preset=&#8221;default&#8221; global_colors_info=&#8221;{}&#8221;][\/et_pb_column][\/et_pb_row][et_pb_row column_structure=&#8221;3_5,2_5&#8243; _builder_version=&#8221;4.21.0&#8243; _module_preset=&#8221;default&#8221; custom_padding=&#8221;0px||0px||false|false&#8221; global_colors_info=&#8221;{}&#8221;][et_pb_column type=&#8221;3_5&#8243; _builder_version=&#8221;4.21.0&#8243; _module_preset=&#8221;default&#8221; global_colors_info=&#8221;{}&#8221;][et_pb_code _builder_version=&#8221;4.21.0&#8243; _module_preset=&#8221;default&#8221; global_colors_info=&#8221;{}&#8221;]<iframe src=\"https:\/\/www.google.com\/maps\/embed?pb=!1m18!1m12!1m3!1d2990.2134464678156!2d2.237814262951662!3d41.456285667006085!2m3!1f0!2f0!3f0!3m2!1i1024!2i768!4f13.1!3m3!1m2!1s0x12a4bb74315344d3%3A0x7df2cb22a2ed5c9!2sCarrer%20del%20Xaloc%2C%203%2C%202a%2C%2008917%20Badalona%2C%20Barcelona!5e0!3m2!1ses-419!2ses!4v1688035345716!5m2!1ses-419!2ses\" width=\"1000\" height=\"600\" style=\"border:0;\" allowfullscreen=\"\" loading=\"lazy\" referrerpolicy=\"no-referrer-when-downgrade\"><\/iframe>[\/et_pb_code][\/et_pb_column][et_pb_column type=&#8221;2_5&#8243; _builder_version=&#8221;4.21.0&#8243; _module_preset=&#8221;default&#8221; global_colors_info=&#8221;{}&#8221;][et_pb_image src=&#8221;http:\/\/tallerdempreses.com\/wp-content\/uploads\/IMG_20190404_170717.jpg&#8221; title_text=&#8221;IMG_20190404_170717&#8243; align=&#8221;center&#8221; disabled_on=&#8221;off|off|on&#8221; _builder_version=&#8221;4.21.0&#8243; _module_preset=&#8221;default&#8221; global_colors_info=&#8221;{}&#8221;][\/et_pb_image][\/et_pb_column][\/et_pb_row][\/et_pb_section]<\/p>\n","protected":false},"excerpt":{"rendered":"<p>Si tens dubtes, deixa&#8217;ns les teves dades i et trucarem el m\u00e9s aviat possible.Intenta indicar-nos de la manera m\u00e9s detallada possible els teus interessos, per poder oferir-te un assessorament \u00f2ptim.C\/ Xaloc, 3 1\u00ba 2\u00aa08917 Badalona (Barcelona) Tel: +34 934 650 744WhatsApp: +34 602 253 254E-mail: info@tallerdempreses.comTruca&#8217;ns o visita&#8217;ns a les nostres oficines a Badalona<\/p>\n","protected":false},"author":1,"featured_media":0,"parent":0,"menu_order":0,"comment_status":"closed","ping_status":"closed","template":"","meta":{"_et_pb_use_builder":"on","_et_pb_old_content":"","_et_gb_content_width":"","footnotes":""},"class_list":["post-734","page","type-page","status-publish","hentry"],"yoast_head":"<!-- This site is optimized with the Yoast SEO plugin v24.8.1 - https:\/\/yoast.com\/wordpress\/plugins\/seo\/ -->\n<title>Contacte - Taller d&#039;administraci\u00f3 d&#039;empreses<\/title>\n<meta name=\"robots\" content=\"index, follow, max-snippet:-1, max-image-preview:large, max-video-preview:-1\" \/>\n<link rel=\"canonical\" href=\"https:\/\/tallerdempreses.com\/ca\/contacte\/\" \/>\n<meta property=\"og:locale\" content=\"ca_ES\" \/>\n<meta property=\"og:type\" content=\"article\" \/>\n<meta property=\"og:title\" content=\"Contacte - Taller d&#039;administraci\u00f3 d&#039;empreses\" \/>\n<meta property=\"og:description\" content=\"Si tens dubtes, deixa&#039;ns les teves dades i et trucarem el m\u00e9s aviat possible.Intenta indicar-nos de la manera m\u00e9s detallada possible els teus interessos, per poder oferir-te un assessorament \u00f2ptim.C\/ Xaloc, 3 1\u00ba 2\u00aa08917 Badalona (Barcelona) Tel: +34 934 650 744WhatsApp: +34 602 253 254E-mail: info@tallerdempreses.comTruca&#039;ns o visita&#039;ns a les nostres oficines a Badalona\" \/>\n<meta property=\"og:url\" content=\"https:\/\/tallerdempreses.com\/ca\/contacte\/\" \/>\n<meta property=\"og:site_name\" content=\"Taller d&#039;administraci\u00f3 d&#039;empreses\" \/>\n<meta property=\"article:modified_time\" content=\"2024-05-22T06:40:41+00:00\" \/>\n<meta name=\"twitter:card\" content=\"summary_large_image\" \/>\n<meta name=\"twitter:label1\" content=\"Temps estimat de lectura\" \/>\n\t<meta name=\"twitter:data1\" content=\"9 minuts\" \/>\n<script type=\"application\/ld+json\" class=\"yoast-schema-graph\">{\"@context\":\"https:\/\/schema.org\",\"@graph\":[{\"@type\":\"WebPage\",\"@id\":\"https:\/\/tallerdempreses.com\/ca\/contacte\/\",\"url\":\"https:\/\/tallerdempreses.com\/ca\/contacte\/\",\"name\":\"Contacte - Taller d&#039;administraci\u00f3 d&#039;empreses\",\"isPartOf\":{\"@id\":\"https:\/\/tallerdempreses.com\/#website\"},\"datePublished\":\"2023-06-09T06:43:10+00:00\",\"dateModified\":\"2024-05-22T06:40:41+00:00\",\"breadcrumb\":{\"@id\":\"https:\/\/tallerdempreses.com\/ca\/contacte\/#breadcrumb\"},\"inLanguage\":\"ca\",\"potentialAction\":[{\"@type\":\"ReadAction\",\"target\":[\"https:\/\/tallerdempreses.com\/ca\/contacte\/\"]}]},{\"@type\":\"BreadcrumbList\",\"@id\":\"https:\/\/tallerdempreses.com\/ca\/contacte\/#breadcrumb\",\"itemListElement\":[{\"@type\":\"ListItem\",\"position\":1,\"name\":\"Portada\",\"item\":\"https:\/\/tallerdempreses.com\/ca\/\"},{\"@type\":\"ListItem\",\"position\":2,\"name\":\"Contacte\"}]},{\"@type\":\"WebSite\",\"@id\":\"https:\/\/tallerdempreses.com\/#website\",\"url\":\"https:\/\/tallerdempreses.com\/\",\"name\":\"Taller d'administraci\u00f3 d'empreses\",\"description\":\"\",\"publisher\":{\"@id\":\"https:\/\/tallerdempreses.com\/#organization\"},\"potentialAction\":[{\"@type\":\"SearchAction\",\"target\":{\"@type\":\"EntryPoint\",\"urlTemplate\":\"https:\/\/tallerdempreses.com\/?s={search_term_string}\"},\"query-input\":{\"@type\":\"PropertyValueSpecification\",\"valueRequired\":true,\"valueName\":\"search_term_string\"}}],\"inLanguage\":\"ca\"},{\"@type\":\"Organization\",\"@id\":\"https:\/\/tallerdempreses.com\/#organization\",\"name\":\"Taller d'administraci\u00f3 d'empreses\",\"url\":\"https:\/\/tallerdempreses.com\/\",\"logo\":{\"@type\":\"ImageObject\",\"inLanguage\":\"ca\",\"@id\":\"https:\/\/tallerdempreses.com\/#\/schema\/logo\/image\/\",\"url\":\"https:\/\/tallerdempreses.com\/wp-content\/uploads\/logo-tae-footer.svg\",\"contentUrl\":\"https:\/\/tallerdempreses.com\/wp-content\/uploads\/logo-tae-footer.svg\",\"width\":1,\"height\":1,\"caption\":\"Taller d'administraci\u00f3 d'empreses\"},\"image\":{\"@id\":\"https:\/\/tallerdempreses.com\/#\/schema\/logo\/image\/\"}}]}<\/script>\n<!-- \/ Yoast SEO plugin. -->","yoast_head_json":{"title":"Contacte - Taller d&#039;administraci\u00f3 d&#039;empreses","robots":{"index":"index","follow":"follow","max-snippet":"max-snippet:-1","max-image-preview":"max-image-preview:large","max-video-preview":"max-video-preview:-1"},"canonical":"https:\/\/tallerdempreses.com\/ca\/contacte\/","og_locale":"ca_ES","og_type":"article","og_title":"Contacte - Taller d&#039;administraci\u00f3 d&#039;empreses","og_description":"Si tens dubtes, deixa'ns les teves dades i et trucarem el m\u00e9s aviat possible.Intenta indicar-nos de la manera m\u00e9s detallada possible els teus interessos, per poder oferir-te un assessorament \u00f2ptim.C\/ Xaloc, 3 1\u00ba 2\u00aa08917 Badalona (Barcelona) Tel: +34 934 650 744WhatsApp: +34 602 253 254E-mail: info@tallerdempreses.comTruca'ns o visita'ns a les nostres oficines a Badalona","og_url":"https:\/\/tallerdempreses.com\/ca\/contacte\/","og_site_name":"Taller d&#039;administraci\u00f3 d&#039;empreses","article_modified_time":"2024-05-22T06:40:41+00:00","twitter_card":"summary_large_image","twitter_misc":{"Temps estimat de lectura":"9 minuts"},"schema":{"@context":"https:\/\/schema.org","@graph":[{"@type":"WebPage","@id":"https:\/\/tallerdempreses.com\/ca\/contacte\/","url":"https:\/\/tallerdempreses.com\/ca\/contacte\/","name":"Contacte - Taller d&#039;administraci\u00f3 d&#039;empreses","isPartOf":{"@id":"https:\/\/tallerdempreses.com\/#website"},"datePublished":"2023-06-09T06:43:10+00:00","dateModified":"2024-05-22T06:40:41+00:00","breadcrumb":{"@id":"https:\/\/tallerdempreses.com\/ca\/contacte\/#breadcrumb"},"inLanguage":"ca","potentialAction":[{"@type":"ReadAction","target":["https:\/\/tallerdempreses.com\/ca\/contacte\/"]}]},{"@type":"BreadcrumbList","@id":"https:\/\/tallerdempreses.com\/ca\/contacte\/#breadcrumb","itemListElement":[{"@type":"ListItem","position":1,"name":"Portada","item":"https:\/\/tallerdempreses.com\/ca\/"},{"@type":"ListItem","position":2,"name":"Contacte"}]},{"@type":"WebSite","@id":"https:\/\/tallerdempreses.com\/#website","url":"https:\/\/tallerdempreses.com\/","name":"Taller d'administraci\u00f3 d'empreses","description":"","publisher":{"@id":"https:\/\/tallerdempreses.com\/#organization"},"potentialAction":[{"@type":"SearchAction","target":{"@type":"EntryPoint","urlTemplate":"https:\/\/tallerdempreses.com\/?s={search_term_string}"},"query-input":{"@type":"PropertyValueSpecification","valueRequired":true,"valueName":"search_term_string"}}],"inLanguage":"ca"},{"@type":"Organization","@id":"https:\/\/tallerdempreses.com\/#organization","name":"Taller d'administraci\u00f3 d'empreses","url":"https:\/\/tallerdempreses.com\/","logo":{"@type":"ImageObject","inLanguage":"ca","@id":"https:\/\/tallerdempreses.com\/#\/schema\/logo\/image\/","url":"https:\/\/tallerdempreses.com\/wp-content\/uploads\/logo-tae-footer.svg","contentUrl":"https:\/\/tallerdempreses.com\/wp-content\/uploads\/logo-tae-footer.svg","width":1,"height":1,"caption":"Taller d'administraci\u00f3 d'empreses"},"image":{"@id":"https:\/\/tallerdempreses.com\/#\/schema\/logo\/image\/"}}]}},"_links":{"self":[{"href":"https:\/\/tallerdempreses.com\/ca\/wp-json\/wp\/v2\/pages\/734","targetHints":{"allow":["GET"]}}],"collection":[{"href":"https:\/\/tallerdempreses.com\/ca\/wp-json\/wp\/v2\/pages"}],"about":[{"href":"https:\/\/tallerdempreses.com\/ca\/wp-json\/wp\/v2\/types\/page"}],"author":[{"embeddable":true,"href":"https:\/\/tallerdempreses.com\/ca\/wp-json\/wp\/v2\/users\/1"}],"replies":[{"embeddable":true,"href":"https:\/\/tallerdempreses.com\/ca\/wp-json\/wp\/v2\/comments?post=734"}],"version-history":[{"count":11,"href":"https:\/\/tallerdempreses.com\/ca\/wp-json\/wp\/v2\/pages\/734\/revisions"}],"predecessor-version":[{"id":841,"href":"https:\/\/tallerdempreses.com\/ca\/wp-json\/wp\/v2\/pages\/734\/revisions\/841"}],"wp:attachment":[{"href":"https:\/\/tallerdempreses.com\/ca\/wp-json\/wp\/v2\/media?parent=734"}],"curies":[{"name":"wp","href":"https:\/\/api.w.org\/{rel}","templated":true}]}}